{"id":2050,"date":"2023-09-25T15:34:39","date_gmt":"2023-09-25T13:34:39","guid":{"rendered":"https:\/\/leanr.one\/index.php\/exemple-de-page\/"},"modified":"2023-11-22T13:11:29","modified_gmt":"2023-11-22T12:11:29","slug":"exemple-de-page","status":"publish","type":"page","link":"https:\/\/leanr.one\/fr\/exemple-de-page\/","title":{"rendered":"Exemple de page"},"content":{"rendered":"\n<p>Il s&rsquo;agit d&rsquo;une page d&rsquo;exemple. Elle se distingue des messages car elle reste toujours au m\u00eame endroit et s&rsquo;affiche (dans la plupart des th\u00e8mes) dans la navigation du site. La plupart commencent par les mentions l\u00e9gales, la d\u00e9claration de confidentialit\u00e9 ou une page \u00ab\u00a0\u00e0 propos de nous\u00a0\u00bb pour se pr\u00e9senter aux visiteurs potentiels du site. On pourrait y lire par exemple<\/p>\n\n<blockquote class=\"wp-block-quote is-layout-flow wp-block-quote-is-layout-flow\"><p>Bonjour ! Le jour, je travaille comme coursier \u00e0 v\u00e9lo, la nuit, je suis un acteur en herbe et voici mon site web. Je vis \u00e0 Berlin, j&rsquo;ai un gros chien qui s&rsquo;appelle Jack, j&rsquo;aime les pi\u00f1a coladas, mais moins \u00eatre laiss\u00e9e sous la pluie (sans parapluie).<\/p><\/blockquote>\n\n<p>&#8230; ou quelque chose comme<\/p>\n\n<blockquote class=\"wp-block-quote is-layout-flow wp-block-quote-is-layout-flow\"><p>L&rsquo;entreprise XYZ a \u00e9t\u00e9 fond\u00e9e en 1971 et fournit depuis lors au public des produits de haute qualit\u00e9. Situ\u00e9e dans une petite ville, l&rsquo;entreprise emploie plus de 2 000 personnes et soutient les citadins de plusieurs mani\u00e8res.<\/p><\/blockquote>\n\n<p>En tant que nouvel utilisateur de WordPress, tu devrais aller sur <a href=\"https:\/\/leanr.one\/wp-admin\/\">ton tableau de bord<\/a> pour supprimer cette page et cr\u00e9er de nouvelles pages et contributions pour ton site. Amusez-vous bien !<\/p>\n","protected":false},"excerpt":{"rendered":"<p>Il s&rsquo;agit d&rsquo;une page d&rsquo;exemple. Elle se distingue des messages car elle reste toujours au m\u00eame endroit et s&rsquo;affiche (dans la plupart des th\u00e8mes) dans la navigation du site. La plupart commencent par les mentions l\u00e9gales, la d\u00e9claration de confidentialit\u00e9 ou une page \u00ab\u00a0\u00e0 propos de nous\u00a0\u00bb pour se pr\u00e9senter aux visiteurs potentiels du site. [&hellip;]<\/p>\n","protected":false},"author":6,"featured_media":0,"parent":0,"menu_order":0,"comment_status":"closed","ping_status":"open","template":"","meta":{"footnotes":""},"class_list":["post-2050","page","type-page","status-publish","hentry"],"_links":{"self":[{"href":"https:\/\/leanr.one\/fr\/wp-json\/wp\/v2\/pages\/2050","targetHints":{"allow":["GET"]}}],"collection":[{"href":"https:\/\/leanr.one\/fr\/wp-json\/wp\/v2\/pages"}],"about":[{"href":"https:\/\/leanr.one\/fr\/wp-json\/wp\/v2\/types\/page"}],"author":[{"embeddable":true,"href":"https:\/\/leanr.one\/fr\/wp-json\/wp\/v2\/users\/6"}],"replies":[{"embeddable":true,"href":"https:\/\/leanr.one\/fr\/wp-json\/wp\/v2\/comments?post=2050"}],"version-history":[{"count":0,"href":"https:\/\/leanr.one\/fr\/wp-json\/wp\/v2\/pages\/2050\/revisions"}],"wp:attachment":[{"href":"https:\/\/leanr.one\/fr\/wp-json\/wp\/v2\/media?parent=2050"}],"curies":[{"name":"wp","href":"https:\/\/api.w.org\/{rel}","templated":true}]}}