{"id":2105,"date":"2023-10-20T15:26:21","date_gmt":"2023-10-20T13:26:21","guid":{"rendered":"https:\/\/leanr.one\/index.php\/declaration-de-confidentialite\/"},"modified":"2023-11-22T13:12:41","modified_gmt":"2023-11-22T12:12:41","slug":"declaration-de-confidentialite","status":"publish","type":"page","link":"https:\/\/leanr.one\/fr\/declaration-de-confidentialite\/","title":{"rendered":"D\u00e9claration de confidentialit\u00e9"},"content":{"rendered":"\t\t<div data-elementor-type=\"wp-page\" data-elementor-id=\"2105\" class=\"elementor elementor-2105 elementor-1122\" data-elementor-post-type=\"page\">\n\t\t\t\t<div class=\"elementor-element elementor-element-5d640a9f e-flex e-con-boxed e-con e-parent\" data-id=\"5d640a9f\" data-element_type=\"container\" data-e-type=\"container\">\n\t\t\t\t\t<div class=\"e-con-inner\">\n\t\t\t\t<div class=\"elementor-element elementor-element-35198a88 elementor-widget-divider--view-line elementor-widget elementor-widget-divider\" data-id=\"35198a88\" data-element_type=\"widget\" data-e-type=\"widget\" data-widget_type=\"divider.default\">\n\t\t\t\t<div class=\"elementor-widget-container\">\n\t\t\t\t\t\t\t<div class=\"elementor-divider\">\n\t\t\t<span class=\"elementor-divider-separator\">\n\t\t\t\t\t\t<\/span>\n\t\t<\/div>\n\t\t\t\t\t\t<\/div>\n\t\t\t\t<\/div>\n\t\t\t\t\t<\/div>\n\t\t\t\t<\/div>\n\t\t<div class=\"elementor-element elementor-element-8e86697 e-flex e-con-boxed e-con e-parent\" data-id=\"8e86697\" data-element_type=\"container\" data-e-type=\"container\">\n\t\t\t\t\t<div class=\"e-con-inner\">\n\t\t\t\t<div class=\"elementor-element elementor-element-587562d4 elementor-widget elementor-widget-hub_fancy_heading\" data-id=\"587562d4\" data-element_type=\"widget\" data-e-type=\"widget\" data-widget_type=\"hub_fancy_heading.default\">\n\t\t\t\t<div class=\"elementor-widget-container\">\n\t\t\t\t\t\n\t\t<div id=\"ld-fancy-heading-69e4a2ba97fb6\" class=\"ld-fancy-heading pos-rel\">\n\t\t\t<h1 class=\"ld-fh-element d-inline-block pos-rel  elementor-heading-title lqd-highlight-classic lqd-highlight-grow-left h1\"  > D\u00e9claration de confidentialit\u00e9<\/h1>\t\t<\/div>\n\n\t\t\t\t\t\t<\/div>\n\t\t\t\t<\/div>\n\t\t\t\t<div class=\"elementor-element elementor-element-2a4e744e elementor-widget elementor-widget-hub_fancy_heading\" data-id=\"2a4e744e\" data-element_type=\"widget\" data-e-type=\"widget\" data-widget_type=\"hub_fancy_heading.default\">\n\t\t\t\t<div class=\"elementor-widget-container\">\n\t\t\t\t\t\n\t\t<div id=\"ld-fancy-heading-69e4a2ba98fb5\" class=\"ld-fancy-heading pos-rel\">\n\t\t\t<div class=\"ld-fh-element d-inline-block pos-rel  lqd-highlight-classic lqd-highlight-grow-left div\"  > 1.la protection des donn\u00e9es en un coup d'\u0153il<br>Remarques g\u00e9n\u00e9rales<br>Les informations suivantes donnent un aper\u00e7u simple de ce qui se passe avec vos donn\u00e9es personnelles.<br>se produit lorsque vous visitez ce site. Les donn\u00e9es personnelles sont toutes les donn\u00e9es avec lesquelles vous<br>\u00eatre identifi\u00e9s personnellement. Pour plus d'informations sur la protection des donn\u00e9es, voir<br>de notre d\u00e9claration de protection des donn\u00e9es figurant sous ce texte.<br>Collecte de donn\u00e9es sur ce site web<br>Qui est responsable de la collecte des donn\u00e9es sur ce site ?<br>Le traitement des donn\u00e9es sur ce site web est effectu\u00e9 par l'exploitant du site web. Dont les coordonn\u00e9es<br>vous pouvez consulter les mentions l\u00e9gales de ce site.<br>Comment recueillons-nous vos donn\u00e9es ?<br>Vos donn\u00e9es sont collect\u00e9es, d'une part, lorsque vous nous les communiquez. Il peut s'agir par exemple de<br>Les donn\u00e9es que vous saisissez dans un formulaire de contact.<br>D'autres donn\u00e9es sont collect\u00e9es automatiquement ou apr\u00e8s votre accord lors de la visite du site par notre service informatique.<br>syst\u00e8mes saisis. Il s'agit principalement de donn\u00e9es techniques (par ex. B. Navigateur Internet, syst\u00e8me d'exploitation ou heure<br>de la consultation de la page). La collecte de ces donn\u00e9es est automatique d\u00e8s que vous acc\u00e9dez \u00e0 ce site.<br>\u00c0 quelles fins utilisons-nous vos donn\u00e9es ?<br>Une partie des donn\u00e9es est collect\u00e9e afin de garantir une mise \u00e0 disposition sans erreur du site web. Autres<br>Les donn\u00e9es peuvent \u00eatre utilis\u00e9es pour analyser votre comportement d'utilisateur.<br>Quels sont vos droits concernant vos donn\u00e9es ?<br>Vous avez \u00e0 tout moment le droit de demander gratuitement des informations sur l'origine, le destinataire et le but de vos donn\u00e9es personnelles.<br>d'obtenir des informations sur les donn\u00e9es \u00e0 caract\u00e8re personnel enregistr\u00e9es. Vous avez \u00e9galement le droit d'obtenir la rectification ou<br>demander la suppression de ces donn\u00e9es. Si vous avez donn\u00e9 votre consentement au traitement des donn\u00e9es,<br>vous pouvez \u00e0 tout moment r\u00e9voquer ce consentement pour l'avenir. En outre, vous avez le droit de demander des informations sur<br>de demander, dans certaines circonstances, la limitation du traitement de vos donn\u00e9es \u00e0 caract\u00e8re personnel.<br>En outre, vous disposez d'un droit de recours aupr\u00e8s de l'autorit\u00e9 de surveillance comp\u00e9tente.<br>Vous pouvez nous contacter \u00e0 tout moment \u00e0 ce sujet ou pour toute autre question relative \u00e0 la protection des donn\u00e9es \u00e0 l'adresse indiqu\u00e9e dans les mentions l\u00e9gales.<br>\u00e0 l'adresse indiqu\u00e9e.<br>Outils d'analyse et outils de tiers<br>Lorsque vous visitez ce site web, votre comportement de navigation peut faire l'objet d'une \u00e9valuation statistique. Cela se passe avant<br>surtout avec des programmes dits d'analyse.<br>Vous trouverez des informations d\u00e9taill\u00e9es sur ces programmes d'analyse dans le<br>D\u00e9claration de confidentialit\u00e9.<br>\n2. indications g\u00e9n\u00e9rales et informations obligatoires<br><span><\/span>donn\u00e9es personnelles de mani\u00e8re confidentielle et conform\u00e9ment aux dispositions l\u00e9gales en mati\u00e8re de protection des donn\u00e9es ainsi qu'\u00e0 la l\u00e9gislation en vigueur.<br>de la pr\u00e9sente d\u00e9claration de confidentialit\u00e9.<br>Lorsque vous utilisez ce site web, diverses donn\u00e9es \u00e0 caract\u00e8re personnel sont collect\u00e9es.<br>Les donn\u00e9es personnelles sont des donn\u00e9es qui permettent de vous identifier personnellement. La pr\u00e9sente<br>La d\u00e9claration de confidentialit\u00e9 explique quelles donn\u00e9es nous collectons et \u00e0 quelles fins nous les utilisons. Elle explique \u00e9galement comment<br>et dans quel but.<br>Nous attirons votre attention sur le fait que la transmission de donn\u00e9es sur Internet (par exemple, lors d'une communication par courrier \u00e9lectronique) peut entra\u00eener des erreurs.<br>peut pr\u00e9senter des failles de s\u00e9curit\u00e9. Une protection compl\u00e8te des donn\u00e9es contre l'acc\u00e8s de tiers n'est pas possible.<br>possible.<br>Remarque sur le service responsable<br>Le responsable du traitement des donn\u00e9es sur ce site est :<br>Leanr Solutions GmbH<br>Hallgartenstr. 17<br>60389 Francfort-sur-le-Main<br>T\u00e9l\u00e9phone : 08654-3096297<br>Courrier \u00e9lectronique : info@leanr.one<br>Le responsable du traitement est la personne physique ou morale qui, seule ou conjointement avec d'autres, exerce une influence sur le traitement des donn\u00e9es \u00e0 caract\u00e8re personnel.<br>les finalit\u00e9s et les moyens du traitement des donn\u00e9es \u00e0 caract\u00e8re personnel (par exemple, les noms, les adresses \u00e9lectroniques ou autres)<br>d\u00e9cide.<br>Dur\u00e9e de stockage<br>Dans la mesure o\u00f9 aucune dur\u00e9e de conservation sp\u00e9cifique n'est mentionn\u00e9e dans la pr\u00e9sente d\u00e9claration de protection des donn\u00e9es, les donn\u00e9es restent en m\u00e9moire jusqu'\u00e0 ce qu'elles soient effac\u00e9es.<br>vos donn\u00e9es \u00e0 caract\u00e8re personnel chez nous jusqu'\u00e0 ce que la finalit\u00e9 du traitement des donn\u00e9es n'ait plus lieu d'\u00eatre. Si vous \u00eates un<br>faire valoir une demande l\u00e9gitime d'effacement ou r\u00e9voquer un consentement au traitement des donn\u00e9es,<br>vos donn\u00e9es seront supprim\u00e9es, \u00e0 moins que nous n'ayons d'autres raisons l\u00e9gales de les conserver.<br>de vos donn\u00e9es personnelles (p. ex. d\u00e9lais de conservation en vertu du droit fiscal ou commercial) ; en cas de<br>Dans ce dernier cas, la suppression a lieu apr\u00e8s la disparition de ces motifs.<br>R\u00e9vocation de votre consentement au traitement des donn\u00e9es<br>De nombreuses op\u00e9rations de traitement des donn\u00e9es ne sont possibles qu'avec votre consentement explicite. Vous pouvez cr\u00e9er une<br>r\u00e9voquer \u00e0 tout moment le consentement d\u00e9j\u00e0 donn\u00e9. La l\u00e9galit\u00e9 des op\u00e9rations effectu\u00e9es jusqu'\u00e0 la r\u00e9vocation est remise en cause.<br>Le traitement des donn\u00e9es n'est pas affect\u00e9 par la r\u00e9vocation.<br>Droit d'opposition \u00e0 la collecte de donn\u00e9es dans des cas particuliers ainsi qu'aux<br>Publicit\u00e9 directe (art. 21 RGPD)<br>LORSQUE LE TRAITEMENT DES DONN\u00c9ES EST EFFECTU\u00c9 SUR LA BASE DE L'ART. 6 ABS. 1 LIT. E OU F RGPD<br>LES PERSONNES CONCERN\u00c9ES ONT LE DROIT DE SE RETIRER \u00c0 TOUT MOMENT POUR DES RAISONS LI\u00c9ES \u00c0 LEUR SITUATION PARTICULI\u00c8RE.<br>SITUATION, S'OPPOSER AU TRAITEMENT DE VOS DONN\u00c9ES PERSONNELLES.<br>DE S'Y OPPOSER, Y COMPRIS DANS LE CAS D'UN RECOURS FOND\u00c9 SUR LES PR\u00c9SENTES DISPOSITIONS.<br>PROFILING. LA BASE JURIDIQUE RESPECTIVE SUR LAQUELLE REPOSE UN TRAITEMENT,<br>VOIR CETTE D\u00c9CLARATION DE PROTECTION DES DONN\u00c9ES. SI VOUS FAITES APPEL,<br>NOUS NE TRAITERONS PLUS VOS DONN\u00c9ES \u00c0 CARACT\u00c8RE PERSONNEL CONCERN\u00c9ES, IL EST<br>\u00c0 MOINS QUE NOUS PUISSIONS JUSTIFIER DE RAISONS IMP\u00c9RIEUSES ET DIGNES DE PROTECTION POUR LE TRAITEMENT.<br>DE PROUVER QUE LEURS INT\u00c9R\u00caTS, LEURS DROITS ET LEURS LIBERT\u00c9S L'EMPORTENT OU QUE<br>TRAITEMENT SERT \u00c0 FAIRE VALOIR, EXERCER OU D\u00c9FENDRE DES DROITS DE PROPRI\u00c9T\u00c9 INTELLECTUELLE.<br>(OPPOSITION SELON L'ART. 21 AL. 1 DSGVO).<br>VOS DONN\u00c9ES PERSONNELLES SONT TRAIT\u00c9ES POUR FAIRE DE LA PUBLICIT\u00c9 DIRECTE,<br>VOUS AVEZ LE DROIT DE VOUS OPPOSER \u00c0 TOUT MOMENT AU TRAITEMENT DE VOS DONN\u00c9ES PERSONNELLES.<br>DES DONN\u00c9ES PERSONNELLES CONCERN\u00c9ES AUX FINS D'UNE TELLE PUBLICIT\u00c9<br>CECI S'APPLIQUE \u00c9GALEMENT AU PROFILAGE, DANS LA MESURE O\u00d9 IL EST LI\u00c9 \u00c0 UNE TELLE PUBLICIT\u00c9 DIRECTE.<br>DE L'ENTREPRISE. SI VOUS VOUS Y OPPOSEZ, VOS DONN\u00c9ES PERSONNELLES SERONT<br>NE SONT ENSUITE PLUS UTILIS\u00c9ES \u00c0 DES FINS DE PUBLICIT\u00c9 DIRECTE (OPPOSITION<br>CONFORM\u00c9MENT \u00c0 L'ART. 21 ABS. 2 RGPD).<br>Droit de recours aupr\u00e8s de l'autorit\u00e9 de surveillance comp\u00e9tente<br>En cas de violation du RGPD, les personnes concern\u00e9es disposent d'un droit de recours aupr\u00e8s d'un<br>l'autorit\u00e9 de contr\u00f4le, notamment dans l'\u00c9tat membre de leur r\u00e9sidence habituelle, de leur lieu de travail<br>ou du lieu de l'infraction pr\u00e9sum\u00e9e. Le droit de recours s'exerce sans pr\u00e9judice d'autres dispositions de la loi.<br>des recours administratifs ou judiciaires.<br>Droit \u00e0 la portabilit\u00e9 des donn\u00e9es<br>Vous avez le droit de retirer les donn\u00e9es que nous avons collect\u00e9es sur la base de votre consentement ou en ex\u00e9cution d'un contrat.<br>\u00e0 lui-m\u00eame ou \u00e0 un tiers dans un format courant et lisible par machine.<br>de l'enfant. Si vous souhaitez que les donn\u00e9es soient transmises directement \u00e0 un autre responsable, vous pouvez le faire par le biais d'un formulaire de contact.<br>Si vous exigez des informations suppl\u00e9mentaires, cela ne se fera que dans la mesure o\u00f9 cela est techniquement possible.<br>Chiffrement SSL ou TLS<br>Ce site utilise des cookies pour des raisons de s\u00e9curit\u00e9 et pour prot\u00e9ger la transmission de contenus confidentiels, tels que les informations sur les produits.<br>exemple des commandes ou des demandes que vous nous envoyez en tant qu'exploitant du site, une connexion SSL ou TLS est n\u00e9cessaire.<br>le cryptage. Vous reconnaissez une connexion crypt\u00e9e au fait que la ligne d'adresse du navigateur est compos\u00e9e de<br>\"http:\/\/\" passe \u00e0 \"https:\/\/\" et \u00e0 l'ic\u00f4ne du cadenas dans la barre de votre navigateur.<br>Si le cryptage SSL ou TLS est activ\u00e9, les donn\u00e9es que vous nous transmettez ne peuvent pas<br>\u00eatre lues par des tiers.<br>Acc\u00e8s, suppression et rectification<br>Dans le cadre des dispositions l\u00e9gales en vigueur, vous avez le droit d'obtenir \u00e0 tout moment des informations gratuites sur vos donn\u00e9es personnelles.<br>des informations sur vos donn\u00e9es personnelles enregistr\u00e9es, leur origine et leur destinataire et le<br>la finalit\u00e9 du traitement des donn\u00e9es et, le cas \u00e9ch\u00e9ant, un droit de rectification ou de suppression de ces donn\u00e9es. A cet effet, ainsi que<br>Pour toute autre question concernant les donn\u00e9es personnelles, vous pouvez nous contacter \u00e0 tout moment \u00e0 l'adresse indiqu\u00e9e dans les mentions l\u00e9gales.<br>\u00e0 l'adresse indiqu\u00e9e.<br>Droit \u00e0 la limitation du traitement<br>Vous avez le droit de demander la limitation du traitement de vos donn\u00e9es \u00e0 caract\u00e8re personnel.<br>Pour ce faire, vous pouvez nous contacter \u00e0 tout moment \u00e0 l'adresse indiqu\u00e9e dans les mentions l\u00e9gales. Le droit<br>\u00e0 la limitation du traitement existe dans les cas suivants :<br>Si vous contestez l'exactitude de vos donn\u00e9es personnelles enregistr\u00e9es chez nous, nous avons besoin<br>g\u00e9n\u00e9ralement le temps de v\u00e9rifier cela. Pendant la dur\u00e9e de l'examen, vous avez le droit de<br>demander la limitation du traitement de vos donn\u00e9es personnelles.<br>Si le traitement de vos donn\u00e9es personnelles s'est fait\/se fait de mani\u00e8re ill\u00e9gale, vous pouvez<br>demander la limitation du traitement des donn\u00e9es au lieu de leur effacement.<br>Si nous n'avons plus besoin de vos donn\u00e9es personnelles, mais que vous souhaitez les utiliser pour exercer votre droit \u00e0 la protection des donn\u00e9es,<br>Si vous avez besoin de ces informations pour la d\u00e9fense ou l'exercice de droits l\u00e9gaux, vous avez le droit de vous opposer \u00e0 l'utilisation de ces donn\u00e9es au lieu de les utiliser.<br>demander l'effacement ou la limitation du traitement de vos donn\u00e9es personnelles.<br>Si vous souhaitez faire une opposition conform\u00e9ment \u00e0 l'article 21, paragraphe 1, de la directive sur la protection des donn\u00e9es, vous pouvez nous contacter. 1 RGPD, il convient de mettre en balance la protection des donn\u00e9es et la protection de la vie priv\u00e9e.<br>de vos int\u00e9r\u00eats et des n\u00f4tres. Tant que l'on ne sait pas quels int\u00e9r\u00eats sont en jeu<br>vous avez le droit de demander la limitation du traitement de vos donn\u00e9es personnelles.<br>de demander<br>Si vous avez limit\u00e9 le traitement de vos donn\u00e9es \u00e0 caract\u00e8re personnel, ces donn\u00e9es peuvent \u00eatre utilis\u00e9es - par<br>Les donn\u00e9es personnelles ne sont conserv\u00e9es qu'avec votre consentement ou pour faire valoir, exercer ou modifier des droits.<br>la d\u00e9fense de droits l\u00e9gaux ou la protection des droits d'une autre personne physique ou morale.<br>personne morale, ou pour des raisons d'int\u00e9r\u00eat public important de l'Union europ\u00e9enne, ou<br>d'un \u00c9tat membre.<br>\n<span style=\"text-align: var(--text-align);color: var(--color-font)\">3. collecte de donn\u00e9es sur ce site web<\/span><br><li class=\"tdfocus-1697808600273\">Cookies<br>Nos pages Internet utilisent ce que l'on appelle des \"cookies\". Les cookies sont de petits fichiers texte qui sont plac\u00e9s sur le disque dur de l'ordinateur.<br>ne causent aucun dommage \u00e0 votre terminal. Ils sont soit temporaires, pour la dur\u00e9e d'une session<br>(cookies de session) ou permanents (cookies permanents) sont enregistr\u00e9s sur votre terminal. Cookies de session<br>sont automatiquement supprim\u00e9s \u00e0 la fin de votre visite. Les cookies permanents restent sur votre terminal<br>jusqu'\u00e0 ce que vous les supprimiez vous-m\u00eame ou qu'une suppression automatique soit effectu\u00e9e par votre navigateur web.<br>Des cookies de soci\u00e9t\u00e9s tierces peuvent \u00e9galement \u00eatre partiellement enregistr\u00e9s sur votre terminal si vous<br>acc\u00e8dent \u00e0 notre site (cookies de tiers). Ils nous permettent ou vous permettent d'utiliser certains<br>les services de l'entreprise tierce (par exemple, les cookies pour le traitement des services de paiement).<br>Les cookies ont diff\u00e9rentes fonctions. De nombreux cookies sont n\u00e9cessaires d'un point de vue technique, car certains<br>les fonctions du site Web ne fonctionneraient pas sans elles (par exemple, la fonction de panier d'achat ou l'affichage<br>de vid\u00e9os). D'autres cookies servent \u00e0 \u00e9valuer le comportement des utilisateurs ou \u00e0 afficher des publicit\u00e9s.<br>Les cookies n\u00e9cessaires \u00e0 l'ex\u00e9cution du processus de communication \u00e9lectronique (cookies n\u00e9cessaires) ou \u00e0 la<br>mise \u00e0 disposition de certaines fonctions que vous avez souhait\u00e9es (cookies fonctionnels, par ex.<br>fonction de panier d'achat) ou pour optimiser le site web (par ex. cookies pour mesurer l'audience du web)<br>Les donn\u00e9es personnelles qui sont n\u00e9cessaires \u00e0 l'ex\u00e9cution de la prestation de services sont trait\u00e9es sur la base de l'article 6, paragraphe 1, de la loi sur la protection des donn\u00e9es. 1 lit. f du RGPD, \u00e0 moins qu'un autre<br>base juridique est indiqu\u00e9e. L'exploitant du site web a un int\u00e9r\u00eat l\u00e9gitime \u00e0 stocker les donn\u00e9es.<br>de cookies pour une mise \u00e0 disposition de ses services sans erreur technique et optimis\u00e9e. Dans la mesure o\u00f9 une<br>Si le consentement \u00e0 l'enregistrement de cookies a \u00e9t\u00e9 demand\u00e9, l'enregistrement des cookies en question se fait dans le cadre d'une proc\u00e9dure d'autorisation.<br>cookies exclusivement sur la base de ce consentement (article 6, paragraphe 1, point a) du RGPD) ; le consentement est<br>r\u00e9vocable \u00e0 tout moment.<br>Vous pouvez configurer votre navigateur de mani\u00e8re \u00e0 \u00eatre inform\u00e9 de l'installation de cookies, et<br>autoriser les cookies uniquement au cas par cas, exclure l'acceptation des cookies pour certains cas ou de mani\u00e8re g\u00e9n\u00e9rale<br>ainsi que d'activer la suppression automatique des cookies \u00e0 la fermeture du navigateur. Lors de la<br>d\u00e9sactivation des cookies, la fonctionnalit\u00e9 de ce site web peut \u00eatre limit\u00e9e.<br>Si des cookies sont utilis\u00e9s par des entreprises tierces ou \u00e0 des fins d'analyse, nous vous en informerons.<br>informer s\u00e9par\u00e9ment dans le cadre de la pr\u00e9sente d\u00e9claration de protection des donn\u00e9es et, le cas \u00e9ch\u00e9ant, demander un consentement.<br>Fichiers journaux du serveur<br>Le fournisseur des pages collecte et enregistre automatiquement des informations dans ce que l'on appelle des fichiers journaux du serveur.<br>Fichiers que votre navigateur nous transmet automatiquement. Il s'agit de<br>le type et la version du navigateur<br>le syst\u00e8me d'exploitation utilis\u00e9<br>URL de r\u00e9f\u00e9rence<br>nom d'h\u00f4te de l'ordinateur qui acc\u00e8de au site<br>Heure de la demande du serveur<br>Adresse IP<br>Ces donn\u00e9es ne sont pas recoup\u00e9es avec d'autres sources de donn\u00e9es.<br>La collecte de ces donn\u00e9es s'effectue sur la base de l'art. 6 al. 1 lit. f du RGPD. L'exploitant du site web a<br>un int\u00e9r\u00eat l\u00e9gitime \u00e0 une pr\u00e9sentation techniquement sans erreur et \u00e0 l'optimisation de son site web -<br>pour ce faire, les fichiers journaux du serveur doivent \u00eatre collect\u00e9s.<br>Formulaire de contact<br>Si vous nous envoyez des demandes par le biais du formulaire de contact, vos donn\u00e9es du<br>formulaire de demande, y compris les donn\u00e9es de contact que vous y avez indiqu\u00e9es, dans le but de traiter la demande.<br>et enregistr\u00e9es chez nous en cas de questions de suivi. Nous ne divulguons pas ces informations sans votre accord.<br>consentement.<br>Le traitement de ces donn\u00e9es s'effectue sur la base de l'art. 6 al. 1 lit. b RGPD, dans la mesure o\u00f9 votre demande est accompagn\u00e9e de<br>est li\u00e9e \u00e0 l'ex\u00e9cution d'un contrat ou \u00e0 l'ex\u00e9cution de mesures pr\u00e9contractuelles<br>est n\u00e9cessaire. Dans tous les autres cas, le traitement est bas\u00e9 sur notre int\u00e9r\u00eat l\u00e9gitime \u00e0<br>traitement effectif des demandes qui nous sont adress\u00e9es (article 6, paragraphe 1, point f), du RGPD) ou sur votre consentement.<br>Consentement (article 6, paragraphe 1, point a) du RGPD) dans la mesure o\u00f9 il a \u00e9t\u00e9 demand\u00e9.<br>Les donn\u00e9es que vous avez saisies dans le formulaire de contact restent chez nous jusqu'\u00e0 ce que vous nous demandiez de les supprimer.<br>ou si vous retirez votre consentement \u00e0 l'enregistrement des donn\u00e9es ou si la finalit\u00e9 de l'enregistrement des donn\u00e9es n'est plus valable.<br>(par exemple, une fois le traitement de votre demande termin\u00e9). Dispositions l\u00e9gales imp\u00e9ratives -<br>notamment les d\u00e9lais de conservation - restent inchang\u00e9s.<br>Demande par e-mail, t\u00e9l\u00e9phone ou fax<br>Si vous nous contactez par e-mail, t\u00e9l\u00e9phone ou t\u00e9l\u00e9copie, votre demande, y compris toutes les informations qui en d\u00e9coulent, sera trait\u00e9e de mani\u00e8re confidentielle.<br>(nom, demande) dans le but de traiter votre demande.<br>sont enregistr\u00e9es et trait\u00e9es par nos soins. Nous ne transmettons pas ces donn\u00e9es sans votre consentement.<br>Le traitement de ces donn\u00e9es s'effectue sur la base de l'art. 6 al. 1 lit. b RGPD, dans la mesure o\u00f9 votre demande est accompagn\u00e9e de<br>est li\u00e9e \u00e0 l'ex\u00e9cution d'un contrat ou \u00e0 l'ex\u00e9cution de mesures pr\u00e9contractuelles<br>est n\u00e9cessaire. Dans tous les autres cas, le traitement est bas\u00e9 sur notre int\u00e9r\u00eat l\u00e9gitime \u00e0<br>traitement effectif des demandes qui nous sont adress\u00e9es (article 6, paragraphe 1, point f), du RGPD) ou sur votre consentement.<br>Consentement (article 6, paragraphe 1, point a) du RGPD) dans la mesure o\u00f9 il a \u00e9t\u00e9 demand\u00e9.<br>Les donn\u00e9es que vous nous envoyez par demande de contact restent chez nous jusqu'\u00e0 ce que vous nous demandiez de les supprimer.<br>ou si vous retirez votre consentement \u00e0 l'enregistrement des donn\u00e9es ou si la finalit\u00e9 de l'enregistrement des donn\u00e9es n'est plus valable.<br>(par exemple, lorsque le traitement de votre demande est termin\u00e9). Dispositions l\u00e9gales imp\u00e9ratives -<br>notamment les d\u00e9lais de conservation l\u00e9gaux - restent inchang\u00e9s.<br><br>4. outils d'analyse et publicit\u00e9<\/li><li class=\"tdfocus-1697808626116\">Matomo (anciennement Piwik)<br>Ce site web utilise le service d'analyse web open source Matomo. Matomo utilise des technologies qui<br>permettre la reconnaissance de l'utilisateur sur l'ensemble des pages pour analyser le comportement de l'utilisateur (par ex.<br>cookies ou Device-Fingerprinting). Les informations collect\u00e9es par Matomo sur l'utilisation de ce site web ne sont pas transmises \u00e0 des tiers.<br>site web sont enregistr\u00e9es sur notre serveur. L'adresse IP est anonymis\u00e9e avant d'\u00eatre enregistr\u00e9e.<br>Gr\u00e2ce \u00e0 Matomo, nous sommes en mesure de collecter des donn\u00e9es sur l'utilisation de notre site Internet par les internautes.<br>de recenser et d'analyser les visiteurs du site. Cela nous permet, entre autres, de savoir \u00e0 quel moment quel<br>les pages consult\u00e9es et la r\u00e9gion d'origine. De plus, nous enregistrons diff\u00e9rents<br>fichiers journaux (par ex. adresse IP, r\u00e9f\u00e9rent, navigateur et syst\u00e8me d'exploitation utilis\u00e9s) et peuvent mesurer si<br>les visiteurs de notre site web effectuent certaines actions (par ex. clics, achats, etc.).<br>L'utilisation de cet outil d'analyse se fait sur la base de l'art. 6 al. 1 lit. f du RGPD. Le site<br>L'exploitant du site web a un int\u00e9r\u00eat l\u00e9gitime \u00e0 l'analyse anonymis\u00e9e du comportement des utilisateurs pour<br>d'optimiser \u00e0 la fois son offre web et sa publicit\u00e9. Si un tel consentement a \u00e9t\u00e9 donn\u00e9<br>(par exemple, le consentement \u00e0 l'enregistrement de cookies), le traitement s'effectue<br>exclusivement sur la base de l'art. 6 al. 1 lit. a RGPD ; le consentement peut \u00eatre r\u00e9voqu\u00e9 \u00e0 tout moment.<br>H\u00e9bergement<br>Nous h\u00e9bergeons Matomo exclusivement sur nos propres serveurs, de sorte que toutes les donn\u00e9es d'analyse sont stock\u00e9es chez nous.<br>restent et ne sont pas transmises.<br><br>5. les plug-ins et les outils<\/li><li class=\"tdfocus-1697808641316\">Font Awesome (h\u00e9bergement local)<br>Ce site utilise Font Awesome pour l'affichage uniforme des polices de caract\u00e8res. Font Awesome est local<br>install\u00e9. Une connexion aux serveurs de Fonticons, Inc. n'a pas lieu.<br>Pour plus d'informations sur Font Awesome, consultez la d\u00e9claration de confidentialit\u00e9 de Font Awesome.<br>sous :<br>https:\/\/fontawesome.com\/privacy.<\/li><\/span><\/div>\t\t<\/div>\n\n\t\t\t\t\t\t<\/div>\n\t\t\t\t<\/div>\n\t\t\t\t\t<\/div>\n\t\t\t\t<\/div>\n\t\t\t\t<\/div>\n\t\t","protected":false},"excerpt":{"rendered":"<p>D\u00e9claration de confidentialit\u00e9 1.la protection des donn\u00e9es en un coup d&rsquo;\u0153ilRemarques g\u00e9n\u00e9ralesLes informations suivantes donnent un aper\u00e7u simple de ce qui se passe avec vos donn\u00e9es personnelles.se produit lorsque vous visitez ce site. Les donn\u00e9es personnelles sont toutes les donn\u00e9es avec lesquelles vous\u00eatre identifi\u00e9s personnellement. Pour plus d&rsquo;informations sur la protection des donn\u00e9es, voirde notre [&hellip;]<\/p>\n","protected":false},"author":6,"featured_media":0,"parent":0,"menu_order":0,"comment_status":"closed","ping_status":"closed","template":"","meta":{"footnotes":""},"class_list":["post-2105","page","type-page","status-publish","hentry"],"_links":{"self":[{"href":"https:\/\/leanr.one\/fr\/wp-json\/wp\/v2\/pages\/2105","targetHints":{"allow":["GET"]}}],"collection":[{"href":"https:\/\/leanr.one\/fr\/wp-json\/wp\/v2\/pages"}],"about":[{"href":"https:\/\/leanr.one\/fr\/wp-json\/wp\/v2\/types\/page"}],"author":[{"embeddable":true,"href":"https:\/\/leanr.one\/fr\/wp-json\/wp\/v2\/users\/6"}],"replies":[{"embeddable":true,"href":"https:\/\/leanr.one\/fr\/wp-json\/wp\/v2\/comments?post=2105"}],"version-history":[{"count":0,"href":"https:\/\/leanr.one\/fr\/wp-json\/wp\/v2\/pages\/2105\/revisions"}],"wp:attachment":[{"href":"https:\/\/leanr.one\/fr\/wp-json\/wp\/v2\/media?parent=2105"}],"curies":[{"name":"wp","href":"https:\/\/api.w.org\/{rel}","templated":true}]}}