{"id":2234,"date":"2023-10-20T15:22:30","date_gmt":"2023-10-20T13:22:30","guid":{"rendered":"https:\/\/leanr.one\/index.php\/mentions-legales\/"},"modified":"2023-11-22T18:53:05","modified_gmt":"2023-11-22T17:53:05","slug":"mentions-legales","status":"publish","type":"page","link":"https:\/\/leanr.one\/fr\/mentions-legales\/","title":{"rendered":"Mentions l\u00e9gales"},"content":{"rendered":"\t\t<div data-elementor-type=\"wp-page\" data-elementor-id=\"2234\" class=\"elementor elementor-2234 elementor-1112\" data-elementor-post-type=\"page\">\n\t\t\t\t<div class=\"elementor-element elementor-element-7abe88d e-flex e-con-boxed e-con e-parent\" data-id=\"7abe88d\" data-element_type=\"container\" data-e-type=\"container\">\n\t\t\t\t\t<div class=\"e-con-inner\">\n\t\t\t\t<div class=\"elementor-element elementor-element-d3a5620 elementor-widget-divider--view-line elementor-widget elementor-widget-divider\" data-id=\"d3a5620\" data-element_type=\"widget\" data-e-type=\"widget\" data-widget_type=\"divider.default\">\n\t\t\t\t<div class=\"elementor-widget-container\">\n\t\t\t\t\t\t\t<div class=\"elementor-divider\">\n\t\t\t<span class=\"elementor-divider-separator\">\n\t\t\t\t\t\t<\/span>\n\t\t<\/div>\n\t\t\t\t\t\t<\/div>\n\t\t\t\t<\/div>\n\t\t\t\t\t<\/div>\n\t\t\t\t<\/div>\n\t\t<div class=\"elementor-element elementor-element-8d67664 e-flex e-con-boxed e-con e-parent\" data-id=\"8d67664\" data-element_type=\"container\" data-e-type=\"container\">\n\t\t\t\t\t<div class=\"e-con-inner\">\n\t\t\t\t<div class=\"elementor-element elementor-element-f481476 elementor-widget elementor-widget-hub_fancy_heading\" data-id=\"f481476\" data-element_type=\"widget\" data-e-type=\"widget\" data-widget_type=\"hub_fancy_heading.default\">\n\t\t\t\t<div class=\"elementor-widget-container\">\n\t\t\t\t\t\n\t\t<div id=\"ld-fancy-heading-69d4634b855fe\" class=\"ld-fancy-heading pos-rel\">\n\t\t\t<h1 class=\"ld-fh-element d-inline-block pos-rel  elementor-heading-title lqd-highlight-classic lqd-highlight-grow-left h1\"  > Mentions l\u00e9gales<\/h1>\t\t<\/div>\n\n\t\t\t\t\t\t<\/div>\n\t\t\t\t<\/div>\n\t\t\t\t<div class=\"elementor-element elementor-element-d7719cc elementor-widget elementor-widget-hub_fancy_heading\" data-id=\"d7719cc\" data-element_type=\"widget\" data-e-type=\"widget\" data-widget_type=\"hub_fancy_heading.default\">\n\t\t\t\t<div class=\"elementor-widget-container\">\n\t\t\t\t\t\n\t\t<div id=\"ld-fancy-heading-69d4634b86750\" class=\"ld-fancy-heading pos-rel\">\n\t\t\t<div class=\"ld-fh-element d-inline-block pos-rel  lqd-highlight-classic lqd-highlight-grow-left div\"  > Leanr Solutions GmbH<br>\nHallgartenstr. 17<br>\n60389 Francfort-sur-le-Main<br>\n<br><br>\nRepr\u00e9sentant autoris\u00e9  <br>Directeur g\u00e9n\u00e9ral: Christian Dzaack<br>\n<br>\nCourrier \u00e9lectronique: info@leanr.one<br>\nT\u00e9l\u00e9phone: +49 69 8700 46780<br>\n\nTribunal d'enregistrement: Tribunal d'instance de Francfort sur le Main<br>\nNum\u00e9ro d'enregistrement: HRB 120084<br>\n<br><br>\nNum\u00e9ro d'identification de la taxe sur le chiffre d'affaires conform\u00e9ment \u00e0 l'art. \u00a7 27a de la loi sur la TVA: DE332585976<br>\n<br><br>\nL'utilisation des donn\u00e9es de contact publi\u00e9es dans le cadre des mentions l\u00e9gales obligatoires pour l'envoi de publicit\u00e9 et de mat\u00e9riel d'information non express\u00e9ment demand\u00e9s est express\u00e9ment interdite.<br>  Les exploitants des pages se r\u00e9servent le droit d'engager des poursuites judiciaires en cas d'envoi non sollicit\u00e9 d'informations publicitaires, par exemple par le biais de spams.<\/div>\t\t<\/div>\n\n\t\t\t\t\t\t<\/div>\n\t\t\t\t<\/div>\n\t\t\t\t\t<\/div>\n\t\t\t\t<\/div>\n\t\t\t\t<\/div>\n\t\t","protected":false},"excerpt":{"rendered":"<p>Mentions l\u00e9gales Leanr Solutions GmbH Hallgartenstr. 17 60389 Francfort-sur-le-Main Repr\u00e9sentant autoris\u00e9 Directeur g\u00e9n\u00e9ral: Christian Dzaack Courrier \u00e9lectronique: info@leanr.one T\u00e9l\u00e9phone: +49 69 8700 46780 Tribunal d&rsquo;enregistrement: Tribunal d&rsquo;instance de Francfort sur le Main Num\u00e9ro d&rsquo;enregistrement: HRB 120084 Num\u00e9ro d&rsquo;identification de la taxe sur le chiffre d&rsquo;affaires conform\u00e9ment \u00e0 l&rsquo;art. \u00a7 27a de la loi sur la [&hellip;]<\/p>\n","protected":false},"author":6,"featured_media":0,"parent":0,"menu_order":0,"comment_status":"closed","ping_status":"closed","template":"","meta":{"footnotes":""},"class_list":["post-2234","page","type-page","status-publish","hentry"],"_links":{"self":[{"href":"https:\/\/leanr.one\/fr\/wp-json\/wp\/v2\/pages\/2234","targetHints":{"allow":["GET"]}}],"collection":[{"href":"https:\/\/leanr.one\/fr\/wp-json\/wp\/v2\/pages"}],"about":[{"href":"https:\/\/leanr.one\/fr\/wp-json\/wp\/v2\/types\/page"}],"author":[{"embeddable":true,"href":"https:\/\/leanr.one\/fr\/wp-json\/wp\/v2\/users\/6"}],"replies":[{"embeddable":true,"href":"https:\/\/leanr.one\/fr\/wp-json\/wp\/v2\/comments?post=2234"}],"version-history":[{"count":0,"href":"https:\/\/leanr.one\/fr\/wp-json\/wp\/v2\/pages\/2234\/revisions"}],"wp:attachment":[{"href":"https:\/\/leanr.one\/fr\/wp-json\/wp\/v2\/media?parent=2234"}],"curies":[{"name":"wp","href":"https:\/\/api.w.org\/{rel}","templated":true}]}}