{"id":4647,"date":"2024-04-18T18:37:01","date_gmt":"2024-04-18T16:37:01","guid":{"rendered":"https:\/\/leanr.one\/retour-sur-investissement\/"},"modified":"2025-02-13T11:49:55","modified_gmt":"2025-02-13T10:49:55","slug":"retour-sur-investissement","status":"publish","type":"page","link":"https:\/\/leanr.one\/fr\/retour-sur-investissement\/","title":{"rendered":"Retour sur investissement"},"content":{"rendered":"\t\t<div data-elementor-type=\"wp-page\" data-elementor-id=\"4647\" class=\"elementor elementor-4647 elementor-4146\" data-elementor-post-type=\"page\">\n\t\t\t\t<div class=\"elementor-element elementor-element-7697514 e-con-full e-flex e-con e-parent\" data-id=\"7697514\" data-element_type=\"container\" data-e-type=\"container\" data-settings=\"{&quot;background_background&quot;:&quot;classic&quot;}\">\n\t\t<div class=\"elementor-element elementor-element-4b249624 e-con-full e-flex e-con e-child\" data-id=\"4b249624\" data-element_type=\"container\" data-e-type=\"container\" data-settings=\"{&quot;background_background&quot;:&quot;classic&quot;}\">\n\t\t\t\t<div data-custom-animations=\"true\" data-ca-options=\"{&quot;addChildTimelines&quot;:false,&quot;trigger&quot;:&quot;firstChild&quot;,&quot;animationTarget&quot;:&quot;.lqd-split-chars .lqd-chars .split-inner, .lqd-adv-txt-fig&quot;,&quot;duration&quot;:350,&quot;delay&quot;:20,&quot;ease&quot;:&quot;power2.out&quot;,&quot;initValues&quot;:{&quot;y&quot;:&quot;80px&quot;,&quot;rotationZ&quot;:10,&quot;opacity&quot;:0,&quot;transformOrigin&quot;:&quot;50% 50% 0px&quot;},&quot;animations&quot;:{&quot;y&quot;:&quot;0px&quot;,&quot;rotationZ&quot;:0,&quot;opacity&quot;:1,&quot;transformOrigin&quot;:&quot;50% 50% 0px&quot;}}\" class=\"elementor-element elementor-element-383462c6 elementor-widget elementor-widget-hub_fancy_heading lqd-el-has-inner-anim\" data-id=\"383462c6\" data-element_type=\"widget\" data-e-type=\"widget\" data-settings=\"{&quot;enable_split&quot;:&quot;true&quot;,&quot;split_type&quot;:&quot;chars, words&quot;}\" data-widget_type=\"hub_fancy_heading.default\">\n\t\t\t\t<div class=\"elementor-widget-container\">\n\t\t\t\t\t\n\t\t<div id=\"ld-fancy-heading-69d767c377005\" class=\"ld-fancy-heading pos-rel\">\n\t\t\t<h1 class=\"ld-fh-element d-inline-block pos-rel  elementor-heading-title lqd-highlight-custom lqd-highlight-custom-2 lqd-split-chars h1\"  data-split-text=\"true\" data-split-options='{\"type\":\"chars, words\"}'> Retour sur investissement<\/h1>\t\t<\/div>\n\n\t\t\t\t\t\t<\/div>\n\t\t\t\t<\/div>\n\t\t<div data-custom-animations=\"true\" data-ca-options=\"{&quot;addChildTimelines&quot;:false,&quot;trigger&quot;:&quot;firstChild&quot;,&quot;animationTarget&quot;:&quot;:scope .e-con-inner &gt; .elementor-element:not(.lqd-exclude-parent-ca) &gt; .elementor-widget-container, :scope .e-con-inner &gt; .elementor-widget-hub_fancy_heading .lqd-split-lines .lqd-lines .split-inner, :scope .e-con-inner &gt; .elementor-widget-hub_fancy_heading .lqd-split-words .lqd-words .split-inner, :scope .e-con-inner &gt; .elementor-widget-hub_fancy_heading .lqd-split-chars .lqd-chars .split-inner, :scope .e-con-inner &gt; .elementor-widget-hub_fancy_heading .lqd-adv-txt-fig, :scope .e-con-inner &gt; .elementor-widget-ld_custom_menu .lqd-fancy-menu &gt; ul &gt; li&quot;,&quot;duration&quot;:500,&quot;startDelay&quot;:750,&quot;delay&quot;:100,&quot;ease&quot;:[&quot;power4.out&quot;],&quot;initValues&quot;:{&quot;scaleX&quot;:0,&quot;scaleY&quot;:0,&quot;transformOrigin&quot;:&quot;50% 50% 0px&quot;},&quot;animations&quot;:{&quot;scaleX&quot;:1,&quot;scaleY&quot;:1,&quot;transformOrigin&quot;:&quot;50% 50% 0px&quot;}}\" class=\"elementor-element elementor-element-4c769355 e-flex e-con-boxed e-con e-child\" data-id=\"4c769355\" data-element_type=\"container\" data-e-type=\"container\">\n\t\t\t\t\t<div class=\"e-con-inner\">\n\t\t\t\t<div class=\"elementor-element elementor-element-3bb904e1 elementor-widget elementor-widget-ld_button\" data-id=\"3bb904e1\" data-element_type=\"widget\" data-e-type=\"widget\" data-widget_type=\"ld_button.default\">\n\t\t\t\t<div class=\"elementor-widget-container\">\n\t\t\t\t\t\n\t\t\t<a\n\t\t\t\tclass=\"elementor-button btn btn-solid btn-xsm btn-icon-right btn-has-label\" data-localscroll=\"1\" data-localscroll-options=\"{&quot;scrollBelowSection&quot;:true}\" href=\"#\"\t\t\t>\n\t\t\t\t\t\t\t\t\t<span data-text=\"Calculer maintenant\" class=\"btn-txt\">\n\t\t\t\t\t\tCalculer maintenant\t\t\t\t\t<\/span>\n\t\t\t\t\t\t\t\t\t\t\t\t\t\t<span class=\"btn-icon\">\n\t\t\t\t\t\t\t<i aria-hidden=\"true\" class=\"lqd-icn-ess icon-ion-ios-arrow-forward\"><\/i>\t\t\t\t\t\t<\/span>\n\t\t\t\t\t\t\t\t\t<\/a>\n\t\t\t\t\t\t\t<\/div>\n\t\t\t\t<\/div>\n\t\t\t\t\t<\/div>\n\t\t\t\t<\/div>\n\t\t\t\t<\/div>\n\t\t\t\t<\/div>\n\t\t<div class=\"elementor-element elementor-element-c82cc63 e-flex e-con-boxed e-con e-parent\" data-id=\"c82cc63\" data-element_type=\"container\" data-e-type=\"container\">\n\t\t\t\t\t<div class=\"e-con-inner\">\n\t\t\t\t<div class=\"elementor-element elementor-element-4e86a59 elementor-widget elementor-widget-spacer\" data-id=\"4e86a59\" data-element_type=\"widget\" data-e-type=\"widget\" data-widget_type=\"spacer.default\">\n\t\t\t\t<div class=\"elementor-widget-container\">\n\t\t\t\t\t\t\t<div class=\"elementor-spacer\">\n\t\t\t<div class=\"elementor-spacer-inner\"><\/div>\n\t\t<\/div>\n\t\t\t\t\t\t<\/div>\n\t\t\t\t<\/div>\n\t\t\t\t\t<\/div>\n\t\t\t\t<\/div>\n\t\t<div data-custom-animations=\"true\" data-ca-options=\"{&quot;addChildTimelines&quot;:false,&quot;trigger&quot;:&quot;firstChild&quot;,&quot;animationTarget&quot;:&quot;:scope  &gt; .e-con&quot;,&quot;duration&quot;:850,&quot;startDelay&quot;:300,&quot;delay&quot;:75,&quot;ease&quot;:&quot;expo.out&quot;,&quot;initValues&quot;:{&quot;y&quot;:&quot;30px&quot;,&quot;scaleX&quot;:0.8,&quot;scaleY&quot;:0.8,&quot;opacity&quot;:0,&quot;transformOrigin&quot;:&quot;50% 50% 0px&quot;},&quot;animations&quot;:{&quot;y&quot;:&quot;0px&quot;,&quot;scaleX&quot;:1,&quot;scaleY&quot;:1,&quot;opacity&quot;:1,&quot;transformOrigin&quot;:&quot;50% 50% 0px&quot;}}\" class=\"elementor-element elementor-element-4ca3b77 e-con-full e-flex e-con e-parent\" data-id=\"4ca3b77\" data-element_type=\"container\" data-e-type=\"container\" data-settings=\"{&quot;background_background&quot;:&quot;classic&quot;}\">\n\t\t<div class=\"elementor-element elementor-element-1db7c402 e-flex e-con-boxed e-con e-child\" data-id=\"1db7c402\" data-element_type=\"container\" data-e-type=\"container\">\n\t\t\t\t\t<div class=\"e-con-inner\">\n\t\t\t\t<div data-custom-animations=\"true\" data-ca-options=\"{&quot;addChildTimelines&quot;:false,&quot;trigger&quot;:&quot;firstChild&quot;,&quot;animationTarget&quot;:&quot;:scope &gt; .elementor-widget-container&quot;,&quot;duration&quot;:1700,&quot;ease&quot;:[&quot;power4.out&quot;],&quot;initValues&quot;:{&quot;opacity&quot;:0,&quot;y&quot;:150},&quot;animations&quot;:{&quot;opacity&quot;:1,&quot;y&quot;:0}}\" class=\"elementor-element elementor-element-f587ed4 elementor-widget elementor-widget-hub_fancy_heading\" data-id=\"f587ed4\" data-element_type=\"widget\" data-e-type=\"widget\" data-widget_type=\"hub_fancy_heading.default\">\n\t\t\t\t<div class=\"elementor-widget-container\">\n\t\t\t\t\t\n\t\t<div id=\"ld-fancy-heading-69d767c37e13c\" class=\"ld-fancy-heading pos-rel\">\n\t\t\t<h2 class=\"ld-fh-element d-inline-block pos-rel  elementor-heading-title lqd-highlight-classic lqd-highlight-grow-left h2\"  > Nos sources<\/h2>\t\t<\/div>\n\n\t\t\t\t\t\t<\/div>\n\t\t\t\t<\/div>\n\t\t\t\t<div class=\"elementor-element elementor-element-7a3014a elementor-widget elementor-widget-ld_fancy_image\" data-id=\"7a3014a\" data-element_type=\"widget\" data-e-type=\"widget\" data-widget_type=\"ld_fancy_image.default\">\n\t\t\t\t<div class=\"elementor-widget-container\">\n\t\t\t\t\t\n\t\t<div class=\"lqd-imggrp-single d-block pos-rel \">\n\t\t\t<div class=\"lqd-imggrp-img-container d-inline-flex pos-rel align-items-center justify-content-center \">\n\t\t\t\t\t\t\t\t<figure class=\"w-100 pos-rel\">\n\t\t\t\t\t<img fetchpriority=\"high\" decoding=\"async\" width=\"2000\" height=\"1453\" src=\"https:\/\/leanr.one\/wp-content\/uploads\/2024\/08\/Grafik-ROI-Unterseite-eng-6-e1738833613142.png\" class=\"attachment-full size-full wp-image-6204\" alt=\"Two icons with text in German. Left: a calendar and clock, &quot;20h durchschnittliche Zeit pro Woche, die in PowerPoint verbracht wird.\u201d Right: a piggy bank with a clock, &quot;50% Zeiteinsparung durch Leanr.\" srcset=\"https:\/\/leanr.one\/wp-content\/uploads\/2024\/08\/Grafik-ROI-Unterseite-eng-6-e1738833613142.png 2000w, https:\/\/leanr.one\/wp-content\/uploads\/2024\/08\/Grafik-ROI-Unterseite-eng-6-e1738833613142-300x218.png 300w, https:\/\/leanr.one\/wp-content\/uploads\/2024\/08\/Grafik-ROI-Unterseite-eng-6-e1738833613142-1024x744.png 1024w, https:\/\/leanr.one\/wp-content\/uploads\/2024\/08\/Grafik-ROI-Unterseite-eng-6-e1738833613142-1536x1116.png 1536w, https:\/\/leanr.one\/wp-content\/uploads\/2024\/08\/Grafik-ROI-Unterseite-eng-6-e1738833613142-768x558.png 768w\" sizes=\"(max-width: 2000px) 100vw, 2000px\" itemprop=\"image\" title=\"\">\t\t\t\t\t\t\t\t\t\t\t\t\t\t\t\t\t\t\t\t\t\t\t\t\t\t\t\t\t<\/figure>\n\t\t\t<\/div>\n\t\t<\/div>\n\n\t\t\t\t\t<\/div>\n\t\t\t\t<\/div>\n\t\t\t\t\t<\/div>\n\t\t\t\t<\/div>\n\t\t\t\t<\/div>\n\t\t<div class=\"elementor-element elementor-element-22eb067 e-flex e-con-boxed e-con e-parent\" data-id=\"22eb067\" data-element_type=\"container\" data-e-type=\"container\">\n\t\t\t\t\t<div class=\"e-con-inner\">\n\t\t\t\t<div class=\"elementor-element elementor-element-348f7bc elementor-widget elementor-widget-spacer\" data-id=\"348f7bc\" data-element_type=\"widget\" data-e-type=\"widget\" data-widget_type=\"spacer.default\">\n\t\t\t\t<div class=\"elementor-widget-container\">\n\t\t\t\t\t\t\t<div class=\"elementor-spacer\">\n\t\t\t<div class=\"elementor-spacer-inner\"><\/div>\n\t\t<\/div>\n\t\t\t\t\t\t<\/div>\n\t\t\t\t<\/div>\n\t\t\t\t<div data-custom-animations=\"true\" data-ca-options=\"{&quot;addChildTimelines&quot;:false,&quot;trigger&quot;:&quot;firstChild&quot;,&quot;animationTarget&quot;:&quot;:scope &gt; .elementor-widget-container&quot;,&quot;duration&quot;:1700,&quot;ease&quot;:[&quot;power4.out&quot;],&quot;initValues&quot;:{&quot;opacity&quot;:0,&quot;y&quot;:150},&quot;animations&quot;:{&quot;opacity&quot;:1,&quot;y&quot;:0}}\" class=\"elementor-element elementor-element-04b630a elementor-widget elementor-widget-hub_fancy_heading\" data-id=\"04b630a\" data-element_type=\"widget\" data-e-type=\"widget\" data-widget_type=\"hub_fancy_heading.default\">\n\t\t\t\t<div class=\"elementor-widget-container\">\n\t\t\t\t\t\n\t\t<div id=\"ld-fancy-heading-69d767c382543\" class=\"ld-fancy-heading pos-rel\">\n\t\t\t<h2 class=\"ld-fh-element d-inline-block pos-rel  elementor-heading-title lqd-highlight-classic lqd-highlight-grow-left h2\"  > Calculez vos \u00e9conomies potentielles<\/h2>\t\t<\/div>\n\n\t\t\t\t\t\t<\/div>\n\t\t\t\t<\/div>\n\t\t\t\t<div class=\"elementor-element elementor-element-7647448 elementor-widget elementor-widget-spacer\" data-id=\"7647448\" data-element_type=\"widget\" data-e-type=\"widget\" data-widget_type=\"spacer.default\">\n\t\t\t\t<div class=\"elementor-widget-container\">\n\t\t\t\t\t\t\t<div class=\"elementor-spacer\">\n\t\t\t<div class=\"elementor-spacer-inner\"><\/div>\n\t\t<\/div>\n\t\t\t\t\t\t<\/div>\n\t\t\t\t<\/div>\n\t\t\t\t<div class=\"elementor-element elementor-element-697dfa3 elementor-widget__width-inherit elementor-widget elementor-widget-html\" data-id=\"697dfa3\" data-element_type=\"widget\" data-e-type=\"widget\" data-widget_type=\"html.default\">\n\t\t\t\t<div class=\"elementor-widget-container\">\n\t\t\t\t\t<div class=\"my-calculator\">\n    <div class=\"input-group\">\n        <label for=\"employees\">Nombre d'employ\u00e9s travaillant avec PowerPoint :<\/label>\n        <input type=\"number\" id=\"employees\" min=\"1\" required=\"\" placeholder=\"Utilisateurs actifs et passifs\">\n    <\/div>\n    <div class=\"input-group\">\n        <label for=\"salary\">Salaire annuel moyen d'un employ\u00e9 (en \u20ac) :<\/label>\n        <input type=\"number\" id=\"salary\" min=\"1\" required=\"\" placeholder=\"Indication incluant les charges salariales\">\n    <\/div>\n    <div class=\"input-group\">\n        <label for=\"hoursPerMonth\">heures par mois par employ\u00e9 :<\/label>\n        <input type=\"number\" id=\"hoursPerMonth\" min=\"1\" required=\"\" value=\"20\">\n        <small>20h \/ employ\u00e9 \/ mois correspondent aux r\u00e9sultats de l'\u00e9tude GfK \/ IDC. N'h\u00e9sitez pas \u00e0 inclure vos donn\u00e9es personnelles dans le calcul. <\/small>\n    <\/div>\n    <button onclick=\"calculateROI()\">Calculer<\/button>\n    <div id=\"results\"><\/div>\n<\/div>\n\n<style>\n    .my-calculator {\n        max-width: 800px;\n        margin: auto;\n        padding: 25px;\n        background-color: #fff;\n        box-shadow: 0 4px 8px rgba(0, 0, 0, 0.1);\n        border-radius: 10px;\n        font-family: Arial, sans-serif;\n    }\n    .my-calculator .input-group {\n        margin-bottom: 20px;\n    }\n    .my-calculator .input-group label {\n        display: block;\n        margin-bottom: 5px;\n        font-size: 16px;\n        color: #333;\n    }\n    .my-calculator .input-group input {\n        width: 100%;\n        padding: 10px;\n        border-radius: 5px;\n        border: 1px solid #ccc;\n        font-size: 14px;\n    }\n    .my-calculator small {\n        display: block;\n        margin-top: 5px;\n        color: #777;\n        font-size: 12px;\n    }\n    .my-calculator button {\n        width: 100%;\n        padding: 10px;\n        background-color: #5E12A1;\n        color: white;\n        border: none;\n        border-radius: 5px;\n        cursor: pointer;\n        font-size: 16px;\n        transition: background-color 0.3s;\n    }\n    .my-calculator button:hover {\n        background-color: #B112A1;\n    }\n    #results {\n        display: none;\n        margin-top: 20px;\n    }\n    .result-card {\n        background-color: #f8f8f8;\n        border-left: 5px solid #B112A1;\n        padding: 15px;\n        margin-bottom: 10px;\n        border-radius: 5px;\n        box-shadow: 0 2px 4px rgba(0, 0, 0, 0.1);\n    }\n<\/style>\n\n<script>\n    function calculateROI() {\n        const resultsContainer = document.getElementById('results');\n        resultsContainer.innerHTML = '<h3>Ergebnis<\/h3>';\n        resultsContainer.style.display = 'block';\n\n        let employees = document.getElementById('employees').value;\n        let annualSalaryInput = document.getElementById('salary').value;\n        let hoursPerMonth = document.getElementById('hoursPerMonth').value;\n\n        let annualSalary = annualSalaryInput.replace('.', '');\n        const hourlyRate = annualSalary \/ 2080;\n\n        const hoursPerYear = employees * hoursPerMonth * 12;\n        const daysPerMonth = Math.round((employees * hoursPerMonth) \/ 8);\n        const daysPerYear = Math.round(hoursPerYear \/ 8);\n\n        const savingsHoursPerMonth = (employees * hoursPerMonth) * 0.5;\n        const savingsHoursPerYear = savingsHoursPerMonth * 12;\n        const savingsPerMonth = savingsHoursPerMonth * hourlyRate;\n        const savingsPerYear = savingsHoursPerYear * hourlyRate;\n        \n        let softwareCostPerMonth;\n        if (employees >= 1 && employees <= 39) { softwareCostPerMonth = 1080; } else if (employees>= 40 && employees <= 99) { softwareCostPerMonth = employees * 26; } else if (employees>= 100 && employees <= 199) { softwareCostPerMonth = employees * 24; } else if (employees>= 200 && employees <= 499) { softwareCostPerMonth = employees * 20; } else if (employees>= 500 && employees <= 999) { softwareCostPerMonth = employees * 15; } else { softwareCostPerMonth = employees * 12; } const softwareCostPerYear = softwareCostPerMonth * 12; const formatter = new Intl.NumberFormat('de-DE', { style: 'currency', currency: 'EUR' }); resultsContainer.innerHTML += `<div class=\"result-card\">Insgesamt mit PowerPoint verbrachte Tage pro Monat: ${daysPerMonth}<\/div>`;\n        resultsContainer.innerHTML += `<div class=\"result-card\">Insgesamt mit PowerPoint verbrachte Tage pro Jahr: ${daysPerYear}<\/div>`;\n        resultsContainer.innerHTML += `<div class=\"result-card\">Potentielle Einsparungen pro Monat: ${formatter.format(savingsPerMonth)}<\/div>`;\n        resultsContainer.innerHTML += `<div class=\"result-card\">Potentielle Einsparungen pro Jahr: ${formatter.format(savingsPerYear)}<\/div>`;\n        resultsContainer.innerHTML += `<div class=\"result-card\">J\u00e4hrliche Lizenzkosten von Leanr: ${formatter.format(softwareCostPerYear)}<\/div>`;\n    }\n<\/script>\n\t\t\t\t<\/div>\n\t\t\t\t<\/div>\n\t\t\t\t<div class=\"elementor-element elementor-element-fc5061c elementor-widget elementor-widget-hub_fancy_heading\" data-id=\"fc5061c\" data-element_type=\"widget\" data-e-type=\"widget\" data-widget_type=\"hub_fancy_heading.default\">\n\t\t\t\t<div class=\"elementor-widget-container\">\n\t\t\t\t\t\n\t\t<div id=\"ld-fancy-heading-69d767c38413a\" class=\"ld-fancy-heading pos-rel\">\n\t\t\t<h5 class=\"ld-fh-element d-inline-block pos-rel  elementor-heading-title lqd-highlight-classic lqd-highlight-grow-left h5\"  > R\u00e9sultat incluant les charges salariales <br>Les co\u00fbts de licence se rapportent au nombre d'utilisateurs sur lequel se base le calcul. <\/h5>\t\t<\/div>\n\n\t\t\t\t\t\t<\/div>\n\t\t\t\t<\/div>\n\t\t\t\t<div class=\"elementor-element elementor-element-d2581bd elementor-widget elementor-widget-hub_fancy_heading\" data-id=\"d2581bd\" data-element_type=\"widget\" data-e-type=\"widget\" data-widget_type=\"hub_fancy_heading.default\">\n\t\t\t\t<div class=\"elementor-widget-container\">\n\t\t\t\t\t\n\t\t<div id=\"ld-fancy-heading-69d767c384ea7\" class=\"ld-fancy-heading pos-rel\">\n\t\t\t<h4 class=\"ld-fh-element d-inline-block pos-rel  elementor-heading-title lqd-highlight-classic lqd-highlight-grow-left h4\"  > Nous sommes \u00e9galement heureux de vous proposer un package de d\u00e9marrage, <br> dans ce cas, veuillez nous contacter.<\/h4>\t\t<\/div>\n\n\t\t\t\t\t\t<\/div>\n\t\t\t\t<\/div>\n\t\t\t\t\t<\/div>\n\t\t\t\t<\/div>\n\t\t<div class=\"elementor-element elementor-element-419a853 e-flex e-con-boxed e-con e-parent\" data-id=\"419a853\" data-element_type=\"container\" data-e-type=\"container\">\n\t\t\t\t\t<div class=\"e-con-inner\">\n\t\t\t\t<div class=\"elementor-element elementor-element-ac271d8 elementor-widget elementor-widget-spacer\" data-id=\"ac271d8\" data-element_type=\"widget\" data-e-type=\"widget\" data-widget_type=\"spacer.default\">\n\t\t\t\t<div class=\"elementor-widget-container\">\n\t\t\t\t\t\t\t<div class=\"elementor-spacer\">\n\t\t\t<div class=\"elementor-spacer-inner\"><\/div>\n\t\t<\/div>\n\t\t\t\t\t\t<\/div>\n\t\t\t\t<\/div>\n\t\t\t\t<div class=\"elementor-element elementor-element-214f37c elementor-widget elementor-widget-hub_fancy_heading\" data-id=\"214f37c\" data-element_type=\"widget\" data-e-type=\"widget\" data-widget_type=\"hub_fancy_heading.default\">\n\t\t\t\t<div class=\"elementor-widget-container\">\n\t\t\t\t\t\n\t\t<div id=\"ld-fancy-heading-69d767c386a3b\" class=\"ld-fancy-heading pos-rel\">\n\t\t\t<h2 class=\"ld-fh-element d-inline-block pos-rel  elementor-heading-title lqd-highlight-custom lqd-highlight-custom-2 h2\"  > Prendre rendez-vous maintenant<\/h2>\t\t<\/div>\n\n\t\t\t\t\t\t<\/div>\n\t\t\t\t<\/div>\n\t\t\t\t<div class=\"elementor-element elementor-element-4b6302bb elementor-widget elementor-widget-html\" data-id=\"4b6302bb\" data-element_type=\"widget\" data-e-type=\"widget\" data-widget_type=\"html.default\">\n\t\t\t\t<div class=\"elementor-widget-container\">\n\t\t\t\t\t<script src=\"https:\/\/embed.ycb.me\" async=\"true\" data-domain=\"leanr\"><\/script>\t\t\t\t<\/div>\n\t\t\t\t<\/div>\n\t\t\t\t\t<\/div>\n\t\t\t\t<\/div>\n\t\t\t\t<\/div>\n\t\t","protected":false},"excerpt":{"rendered":"<p>Retour sur investissement Calculer maintenant Nos sources Calculez vos \u00e9conomies potentielles Nombre d&#8217;employ\u00e9s travaillant avec PowerPoint : Salaire annuel moyen d&rsquo;un employ\u00e9 (en \u20ac) : heures par mois par employ\u00e9 : 20h \/ employ\u00e9 \/ mois correspondent aux r\u00e9sultats de l&rsquo;\u00e9tude GfK \/ IDC. N&rsquo;h\u00e9sitez pas \u00e0 inclure vos donn\u00e9es personnelles dans le calcul. Calculer [&hellip;]<\/p>\n","protected":false},"author":5,"featured_media":0,"parent":0,"menu_order":0,"comment_status":"closed","ping_status":"closed","template":"","meta":{"footnotes":""},"class_list":["post-4647","page","type-page","status-publish","hentry"],"_links":{"self":[{"href":"https:\/\/leanr.one\/fr\/wp-json\/wp\/v2\/pages\/4647","targetHints":{"allow":["GET"]}}],"collection":[{"href":"https:\/\/leanr.one\/fr\/wp-json\/wp\/v2\/pages"}],"about":[{"href":"https:\/\/leanr.one\/fr\/wp-json\/wp\/v2\/types\/page"}],"author":[{"embeddable":true,"href":"https:\/\/leanr.one\/fr\/wp-json\/wp\/v2\/users\/5"}],"replies":[{"embeddable":true,"href":"https:\/\/leanr.one\/fr\/wp-json\/wp\/v2\/comments?post=4647"}],"version-history":[{"count":0,"href":"https:\/\/leanr.one\/fr\/wp-json\/wp\/v2\/pages\/4647\/revisions"}],"wp:attachment":[{"href":"https:\/\/leanr.one\/fr\/wp-json\/wp\/v2\/media?parent=4647"}],"curies":[{"name":"wp","href":"https:\/\/api.w.org\/{rel}","templated":true}]}}